{"id":261,"date":"2016-11-10T15:42:51","date_gmt":"2016-11-10T14:42:51","guid":{"rendered":"https:\/\/oceanwp.org\/architect\/?page_id=261"},"modified":"2026-03-23T15:45:14","modified_gmt":"2026-03-23T14:45:14","slug":"unterricht","status":"publish","type":"page","link":"http:\/\/musikschule-suderburg.de\/?page_id=261","title":{"rendered":"Unterricht"},"content":{"rendered":"\t\t<div data-elementor-type=\"wp-page\" data-elementor-id=\"261\" class=\"elementor elementor-261\">\n\t\t\t\t\t\t<section class=\"elementor-section elementor-top-section elementor-element elementor-element-9cb5a68 elementor-section-boxed elementor-section-height-default elementor-section-height-default\" data-id=\"9cb5a68\" data-element_type=\"section\" data-e-type=\"section\">\n\t\t\t\t\t\t<div class=\"elementor-container elementor-column-gap-default\">\n\t\t\t\t\t<div class=\"elementor-column elementor-col-50 elementor-top-column elementor-element elementor-element-70d3bc3\" data-id=\"70d3bc3\" data-element_type=\"column\" data-e-type=\"column\">\n\t\t\t<div class=\"elementor-widget-wrap elementor-element-populated\">\n\t\t\t\t\t\t<div class=\"elementor-element elementor-element-7a36f2a elementor-widget elementor-widget-image\" data-id=\"7a36f2a\" data-element_type=\"widget\" data-e-type=\"widget\" data-widget_type=\"image.default\">\n\t\t\t\t<div class=\"elementor-widget-container\">\n\t\t\t\t\t\t\t\t\t\t\t\t\t\t\t<img fetchpriority=\"high\" decoding=\"async\" width=\"455\" height=\"512\" src=\"http:\/\/musikschule-suderburg.de\/wp-content\/uploads\/2019\/11\/AkkordeonV.png\" class=\"attachment-large size-large wp-image-389\" alt=\"\" srcset=\"http:\/\/musikschule-suderburg.de\/wp-content\/uploads\/2019\/11\/AkkordeonV.png 455w, http:\/\/musikschule-suderburg.de\/wp-content\/uploads\/2019\/11\/AkkordeonV-267x300.png 267w\" sizes=\"(max-width: 455px) 100vw, 455px\" \/>\t\t\t\t\t\t\t\t\t\t\t\t\t\t\t<\/div>\n\t\t\t\t<\/div>\n\t\t\t\t\t<\/div>\n\t\t<\/div>\n\t\t\t\t<div class=\"elementor-column elementor-col-50 elementor-top-column elementor-element elementor-element-f12eeb8\" data-id=\"f12eeb8\" data-element_type=\"column\" data-e-type=\"column\">\n\t\t\t<div class=\"elementor-widget-wrap elementor-element-populated\">\n\t\t\t\t\t\t<div class=\"elementor-element elementor-element-6342ccd elementor-widget elementor-widget-text-editor\" data-id=\"6342ccd\" data-element_type=\"widget\" data-e-type=\"widget\" data-widget_type=\"text-editor.default\">\n\t\t\t\t<div class=\"elementor-widget-container\">\n\t\t\t\t\t\t\t\t\t<h1>Instrumentalunterricht<\/h1><p>Unser Unterricht wird von qualifizierten Lehrern erteilt und geht auf die individuellen Bed\u00fcrfnisse der Sch\u00fcler ebenso ein wie auf ihre Literaturw\u00fcnsche. Musiktheoretisches Wissen rundet die Ausbildung ab.<\/p><p>Bei Musikschul-Konzerten sammeln unsere Sch\u00fcler in gesch\u00fctztem Rahmen erste Auftrittserfahrungen.<\/p><p>Akkordeon<\/p><p>Blockfl\u00f6te<\/p><p>Gitarre<\/p><p>Klarinette<\/p><p>Klavier<\/p><p>Musiktheorie<\/p><p>Orgel<\/p><p>Querfl\u00f6te<\/p><p>Saxophon<\/p>\t\t\t\t\t\t\t\t<\/div>\n\t\t\t\t<\/div>\n\t\t\t\t\t<\/div>\n\t\t<\/div>\n\t\t\t\t\t<\/div>\n\t\t<\/section>\n\t\t\t\t<section class=\"elementor-section elementor-top-section elementor-element elementor-element-2d8bce9 elementor-section-boxed elementor-section-height-default elementor-section-height-default\" data-id=\"2d8bce9\" data-element_type=\"section\" data-e-type=\"section\">\n\t\t\t\t\t\t<div class=\"elementor-container elementor-column-gap-default\">\n\t\t\t\t\t<div class=\"elementor-column elementor-col-100 elementor-top-column elementor-element elementor-element-e1c5668\" data-id=\"e1c5668\" data-element_type=\"column\" data-e-type=\"column\">\n\t\t\t<div class=\"elementor-widget-wrap elementor-element-populated\">\n\t\t\t\t\t\t<section class=\"elementor-section elementor-inner-section elementor-element elementor-element-656c445 elementor-section-boxed elementor-section-height-default elementor-section-height-default\" data-id=\"656c445\" data-element_type=\"section\" data-e-type=\"section\">\n\t\t\t\t\t\t<div class=\"elementor-container elementor-column-gap-default\">\n\t\t\t\t\t<div class=\"elementor-column elementor-col-50 elementor-inner-column elementor-element elementor-element-7523b2b\" data-id=\"7523b2b\" data-element_type=\"column\" data-e-type=\"column\">\n\t\t\t<div class=\"elementor-widget-wrap elementor-element-populated\">\n\t\t\t\t\t\t<div class=\"elementor-element elementor-element-28a68e0 elementor-widget elementor-widget-text-editor\" data-id=\"28a68e0\" data-element_type=\"widget\" data-e-type=\"widget\" data-widget_type=\"text-editor.default\">\n\t\t\t\t<div class=\"elementor-widget-container\">\n\t\t\t\t\t\t\t\t\t<h1>Gruppenangebot<\/h1>\n<h2>Blockfl\u00f6ten-Einsteigerkurs<\/h2>\n<p>Im Blockfl\u00f6ten-Einsteigerkurs werden die Grundlagen f\u00fcr das Musizieren gelegt. Spiel und Pflege der Sopran-Blockfl\u00f6te werden ebenso vermittelt wie das Lesen und Schreiben von Noten. Auch das Singen und Spielen kommen nicht zu kurz. Der Kurs ist auf Teilnehmer im Grundschul-Alter ausgerichtet und dauert \u2013 je nach Lernfortschritt \u2013 etwa 1\u00bd Jahre. Gegen Ende des Kurses ist auch der Umstieg auf ein tieferes Instrument der Blockfl\u00f6ten-Familie m\u00f6glich.<\/p>\t\t\t\t\t\t\t\t<\/div>\n\t\t\t\t<\/div>\n\t\t\t\t\t<\/div>\n\t\t<\/div>\n\t\t\t\t<div class=\"elementor-column elementor-col-50 elementor-inner-column elementor-element elementor-element-765af26\" data-id=\"765af26\" data-element_type=\"column\" data-e-type=\"column\">\n\t\t\t<div class=\"elementor-widget-wrap elementor-element-populated\">\n\t\t\t\t\t\t<div class=\"elementor-element elementor-element-147d393 elementor-widget elementor-widget-image\" data-id=\"147d393\" data-element_type=\"widget\" data-e-type=\"widget\" data-widget_type=\"image.default\">\n\t\t\t\t<div class=\"elementor-widget-container\">\n\t\t\t\t\t\t\t\t\t\t\t\t\t\t\t<img decoding=\"async\" width=\"512\" height=\"488\" src=\"http:\/\/musikschule-suderburg.de\/wp-content\/uploads\/2019\/11\/BCV.png\" class=\"attachment-large size-large wp-image-393\" alt=\"\" srcset=\"http:\/\/musikschule-suderburg.de\/wp-content\/uploads\/2019\/11\/BCV.png 512w, http:\/\/musikschule-suderburg.de\/wp-content\/uploads\/2019\/11\/BCV-300x286.png 300w\" sizes=\"(max-width: 512px) 100vw, 512px\" \/>\t\t\t\t\t\t\t\t\t\t\t\t\t\t\t<\/div>\n\t\t\t\t<\/div>\n\t\t\t\t\t<\/div>\n\t\t<\/div>\n\t\t\t\t\t<\/div>\n\t\t<\/section>\n\t\t\t\t\t<\/div>\n\t\t<\/div>\n\t\t\t\t\t<\/div>\n\t\t<\/section>\n\t\t\t\t<section class=\"elementor-section elementor-top-section elementor-element elementor-element-e79fd9e elementor-section-boxed elementor-section-height-default elementor-section-height-default\" data-id=\"e79fd9e\" data-element_type=\"section\" data-e-type=\"section\">\n\t\t\t\t\t\t<div class=\"elementor-container elementor-column-gap-default\">\n\t\t\t\t\t<div class=\"elementor-column elementor-col-50 elementor-top-column elementor-element elementor-element-845b570\" data-id=\"845b570\" data-element_type=\"column\" data-e-type=\"column\">\n\t\t\t<div class=\"elementor-widget-wrap elementor-element-populated\">\n\t\t\t\t\t\t<div class=\"elementor-element elementor-element-9d0aedc elementor-widget elementor-widget-image\" data-id=\"9d0aedc\" data-element_type=\"widget\" data-e-type=\"widget\" data-widget_type=\"image.default\">\n\t\t\t\t<div class=\"elementor-widget-container\">\n\t\t\t\t\t\t\t\t\t\t\t\t\t\t\t<img decoding=\"async\" width=\"384\" height=\"512\" src=\"http:\/\/musikschule-suderburg.de\/wp-content\/uploads\/2019\/11\/TanBlKlV.png\" class=\"attachment-large size-large wp-image-398\" alt=\"\" srcset=\"http:\/\/musikschule-suderburg.de\/wp-content\/uploads\/2019\/11\/TanBlKlV.png 384w, http:\/\/musikschule-suderburg.de\/wp-content\/uploads\/2019\/11\/TanBlKlV-225x300.png 225w\" sizes=\"(max-width: 384px) 100vw, 384px\" \/>\t\t\t\t\t\t\t\t\t\t\t\t\t\t\t<\/div>\n\t\t\t\t<\/div>\n\t\t\t\t\t<\/div>\n\t\t<\/div>\n\t\t\t\t<div class=\"elementor-column elementor-col-50 elementor-top-column elementor-element elementor-element-ed59ccb\" data-id=\"ed59ccb\" data-element_type=\"column\" data-e-type=\"column\">\n\t\t\t<div class=\"elementor-widget-wrap elementor-element-populated\">\n\t\t\t\t\t\t<div class=\"elementor-element elementor-element-24ee371 elementor-widget elementor-widget-text-editor\" data-id=\"24ee371\" data-element_type=\"widget\" data-e-type=\"widget\" data-widget_type=\"text-editor.default\">\n\t\t\t\t<div class=\"elementor-widget-container\">\n\t\t\t\t\t\t\t\t\t<h1 style=\"text-align: center;\"><span style=\"color: #000000;\">Monatsbeitr\u00e4ge<\/span><\/h1><h2 style=\"text-align: center;\"><span style=\"color: #000000;\">Einzelunterricht<\/span><\/h2><p style=\"text-align: center;\"><span style=\"color: #000000;\">30 Minuten \u2026 89 \u20ac<\/span><\/p><p style=\"text-align: center;\"><span style=\"font-size: 15px; color: #000000;\">45 Minuten \u2026 133,50 \u20ac<\/span><\/p><h2 style=\"text-align: center;\"><span style=\"color: #000000;\">Zweierunterricht<\/span><\/h2><p style=\"text-align: center;\"><span style=\"color: #000000;\">45 Minuten \u2026 79 \u20ac<\/span><\/p><h2 style=\"text-align: center;\"><span style=\"color: #000000;\">Kurse, Kinderchor und Orchester<\/span><\/h2><p style=\"text-align: center;\"><span style=\"color: #000000;\">25 \u20ac<\/span><\/p>\t\t\t\t\t\t\t\t<\/div>\n\t\t\t\t<\/div>\n\t\t\t\t\t<\/div>\n\t\t<\/div>\n\t\t\t\t\t<\/div>\n\t\t<\/section>\n\t\t\t\t<\/div>\n\t\t","protected":false},"excerpt":{"rendered":"<p>Instrumentalunterricht Unser Unterricht wird von qualifizierten Lehrern erteilt und geht auf die individuellen Bed\u00fcrfnisse der Sch\u00fcler ebenso ein wie auf ihre Literaturw\u00fcnsche. Musiktheoretisches Wissen rundet die Ausbildung ab. Bei Musikschul-Konzerten sammeln unsere Sch\u00fcler in gesch\u00fctztem Rahmen erste Auftrittserfahrungen. Akkordeon Blockfl\u00f6te Gitarre Klarinette Klavier Musiktheorie Orgel Querfl\u00f6te Saxophon Gruppenangebot Blockfl\u00f6ten-Einsteigerkurs Im Blockfl\u00f6ten-Einsteigerkurs werden die Grundlagen f\u00fcr [&hellip;]<\/p>\n","protected":false},"author":1,"featured_media":0,"parent":0,"menu_order":0,"comment_status":"closed","ping_status":"closed","template":"elementor_header_footer","meta":{"ocean_post_layout":"full-width","ocean_both_sidebars_style":"","ocean_both_sidebars_content_width":0,"ocean_both_sidebars_sidebars_width":0,"ocean_sidebar":"","ocean_second_sidebar":"","ocean_disable_margins":"enable","ocean_add_body_class":"","ocean_shortcode_before_top_bar":"","ocean_shortcode_after_top_bar":"","ocean_shortcode_before_header":"","ocean_shortcode_after_header":"","ocean_has_shortcode":"","ocean_shortcode_after_title":"","ocean_shortcode_before_footer_widgets":"","ocean_shortcode_after_footer_widgets":"","ocean_shortcode_before_footer_bottom":"","ocean_shortcode_after_footer_bottom":"","ocean_display_top_bar":"default","ocean_display_header":"default","ocean_header_style":"","ocean_center_header_left_menu":"","ocean_custom_header_template":"","ocean_custom_logo":0,"ocean_custom_retina_logo":0,"ocean_custom_logo_max_width":0,"ocean_custom_logo_tablet_max_width":0,"ocean_custom_logo_mobile_max_width":0,"ocean_custom_logo_max_height":0,"ocean_custom_logo_tablet_max_height":0,"ocean_custom_logo_mobile_max_height":0,"ocean_header_custom_menu":"","ocean_menu_typo_font_family":"","ocean_menu_typo_font_subset":"","ocean_menu_typo_font_size":0,"ocean_menu_typo_font_size_tablet":0,"ocean_menu_typo_font_size_mobile":0,"ocean_menu_typo_font_size_unit":"px","ocean_menu_typo_font_weight":"","ocean_menu_typo_font_weight_tablet":"","ocean_menu_typo_font_weight_mobile":"","ocean_menu_typo_transform":"","ocean_menu_typo_transform_tablet":"","ocean_menu_typo_transform_mobile":"","ocean_menu_typo_line_height":0,"ocean_menu_typo_line_height_tablet":0,"ocean_menu_typo_line_height_mobile":0,"ocean_menu_typo_line_height_unit":"","ocean_menu_typo_spacing":0,"ocean_menu_typo_spacing_tablet":0,"ocean_menu_typo_spacing_mobile":0,"ocean_menu_typo_spacing_unit":"","ocean_menu_link_color":"","ocean_menu_link_color_hover":"","ocean_menu_link_color_active":"","ocean_menu_link_background":"","ocean_menu_link_hover_background":"","ocean_menu_link_active_background":"","ocean_menu_social_links_bg":"","ocean_menu_social_hover_links_bg":"","ocean_menu_social_links_color":"","ocean_menu_social_hover_links_color":"","ocean_disable_title":"default","ocean_disable_heading":"default","ocean_post_title":"","ocean_post_subheading":"","ocean_post_title_style":"","ocean_post_title_background_color":"","ocean_post_title_background":0,"ocean_post_title_bg_image_position":"","ocean_post_title_bg_image_attachment":"","ocean_post_title_bg_image_repeat":"","ocean_post_title_bg_image_size":"","ocean_post_title_height":0,"ocean_post_title_bg_overlay":0.5,"ocean_post_title_bg_overlay_color":"","ocean_disable_breadcrumbs":"default","ocean_breadcrumbs_color":"","ocean_breadcrumbs_separator_color":"","ocean_breadcrumbs_links_color":"","ocean_breadcrumbs_links_hover_color":"","ocean_display_footer_widgets":"default","ocean_display_footer_bottom":"default","ocean_custom_footer_template":"","footnotes":""},"class_list":["post-261","page","type-page","status-publish","hentry","entry"],"_links":{"self":[{"href":"http:\/\/musikschule-suderburg.de\/index.php?rest_route=\/wp\/v2\/pages\/261","targetHints":{"allow":["GET"]}}],"collection":[{"href":"http:\/\/musikschule-suderburg.de\/index.php?rest_route=\/wp\/v2\/pages"}],"about":[{"href":"http:\/\/musikschule-suderburg.de\/index.php?rest_route=\/wp\/v2\/types\/page"}],"author":[{"embeddable":true,"href":"http:\/\/musikschule-suderburg.de\/index.php?rest_route=\/wp\/v2\/users\/1"}],"replies":[{"embeddable":true,"href":"http:\/\/musikschule-suderburg.de\/index.php?rest_route=%2Fwp%2Fv2%2Fcomments&post=261"}],"version-history":[{"count":87,"href":"http:\/\/musikschule-suderburg.de\/index.php?rest_route=\/wp\/v2\/pages\/261\/revisions"}],"predecessor-version":[{"id":1138,"href":"http:\/\/musikschule-suderburg.de\/index.php?rest_route=\/wp\/v2\/pages\/261\/revisions\/1138"}],"wp:attachment":[{"href":"http:\/\/musikschule-suderburg.de\/index.php?rest_route=%2Fwp%2Fv2%2Fmedia&parent=261"}],"curies":[{"name":"wp","href":"https:\/\/api.w.org\/{rel}","templated":true}]}}