{"id":449,"date":"2019-12-30T17:32:50","date_gmt":"2019-12-30T16:32:50","guid":{"rendered":"http:\/\/musikschule-suderburg.de\/?page_id=449"},"modified":"2019-12-30T20:54:30","modified_gmt":"2019-12-30T19:54:30","slug":"projekte","status":"publish","type":"page","link":"http:\/\/musikschule-suderburg.de\/?page_id=449","title":{"rendered":"Projekte"},"content":{"rendered":"\t\t<div data-elementor-type=\"wp-page\" data-elementor-id=\"449\" class=\"elementor elementor-449\">\n\t\t\t\t\t\t<section class=\"elementor-section elementor-top-section elementor-element elementor-element-d1b1e74 elementor-section-boxed elementor-section-height-default elementor-section-height-default\" data-id=\"d1b1e74\" data-element_type=\"section\" data-e-type=\"section\">\n\t\t\t\t\t\t<div class=\"elementor-container elementor-column-gap-default\">\n\t\t\t\t\t<div class=\"elementor-column elementor-col-50 elementor-top-column elementor-element elementor-element-a2f2118\" data-id=\"a2f2118\" data-element_type=\"column\" data-e-type=\"column\">\n\t\t\t<div class=\"elementor-widget-wrap elementor-element-populated\">\n\t\t\t\t\t\t<div class=\"elementor-element elementor-element-36fc69b elementor-widget elementor-widget-image\" data-id=\"36fc69b\" data-element_type=\"widget\" data-e-type=\"widget\" data-widget_type=\"image.default\">\n\t\t\t\t<div class=\"elementor-widget-container\">\n\t\t\t\t\t\t\t\t\t\t\t\t<figure class=\"wp-caption\">\n\t\t\t\t\t\t\t\t\t\t<img fetchpriority=\"high\" decoding=\"async\" width=\"512\" height=\"512\" src=\"http:\/\/musikschule-suderburg.de\/wp-content\/uploads\/2019\/12\/SpO.png\" class=\"attachment-large size-large wp-image-452\" alt=\"\" srcset=\"http:\/\/musikschule-suderburg.de\/wp-content\/uploads\/2019\/12\/SpO.png 512w, http:\/\/musikschule-suderburg.de\/wp-content\/uploads\/2019\/12\/SpO-300x300.png 300w, http:\/\/musikschule-suderburg.de\/wp-content\/uploads\/2019\/12\/SpO-150x150.png 150w\" sizes=\"(max-width: 512px) 100vw, 512px\" \/>\t\t\t\t\t\t\t\t\t\t\t<figcaption class=\"widget-image-caption wp-caption-text\">Spontan-Orchester und -Chor mit der Kantate \u00bbGott wohnt in einem Lichte\u00ab<\/figcaption>\n\t\t\t\t\t\t\t\t\t\t<\/figure>\n\t\t\t\t\t\t\t\t\t<\/div>\n\t\t\t\t<\/div>\n\t\t\t\t\t<\/div>\n\t\t<\/div>\n\t\t\t\t<div class=\"elementor-column elementor-col-50 elementor-top-column elementor-element elementor-element-03ad7bf\" data-id=\"03ad7bf\" data-element_type=\"column\" data-e-type=\"column\">\n\t\t\t<div class=\"elementor-widget-wrap elementor-element-populated\">\n\t\t\t\t\t\t<div class=\"elementor-element elementor-element-e83ae3d elementor-widget elementor-widget-text-editor\" data-id=\"e83ae3d\" data-element_type=\"widget\" data-e-type=\"widget\" data-widget_type=\"text-editor.default\">\n\t\t\t\t<div class=\"elementor-widget-container\">\n\t\t\t\t\t\t\t\t\t<h1>Das Leben ist bunt \u2013 Ihr Ensemble auch<\/h1><p>Gemeinsam mit anderen Musikern in einem Orchester zu spielen, macht riesige Freude. Hier gilt: Das Ganze ist mehr als die Summe seiner Teile. Das <strong>Spontan-Orchester<\/strong> l\u00e4dt zum Zusammenspiel ein und liefert Noten f\u00fcr genau die Instrumente, die bei Ihnen vor Ort zur Verf\u00fcgung stehen \u2013 auf Wunsch unter Einbeziehung eines Chores oder von Einzelstimmen.<\/p><p>Und so l\u00e4uft ein typisches Spontan-Orchester-Projekt ab:<\/p><p>Musiker melden sich unter Angabe ihres Instrumentes an. Im Anschlu\u00df erstelle ich f\u00fcr diese Besetzung Arrangements oder ganze Kompositionen wie Kantaten oder Singspiele \u2013 abgestimmt auf Auff\u00fchrungsort, Jahreszeit und (liturgischen) Anla\u00df.<\/p><p>Die Stimmausz\u00fcge gehen per Mail oder Briefpost zur Vorbereitung an die Mitwirkenden. Anschlie\u00dfend kommt das Orchester zu Proben zusammen und entdeckt, wieviel Freude das Zusammensetzen macht.<\/p><p>Diese Freude gibt das Spontan-Orchester weiter an seine Zuh\u00f6rer bei seinem Einsatz in Ihrer Schule, Ihrer Kirche oder Ihrem Theater.<\/p><p>Dabei begleite ich Sie von der Bereitstellung des Materials f\u00fcr die \u00d6ffentlichkeitsarbeit \u00fcber den Tonsatz und die Durchf\u00fchrung der Proben bis zum Schlu\u00dfapplaus. Selbstverst\u00e4ndlich biete ich auch die Durchf\u00fchrung von Projekten mit bestehenden Ch\u00f6ren oder Instrumentalgruppen an. Sprechen Sie mich an f\u00fcr Ihr n\u00e4chstes Projekt.<\/p>\t\t\t\t\t\t\t\t<\/div>\n\t\t\t\t<\/div>\n\t\t\t\t\t<\/div>\n\t\t<\/div>\n\t\t\t\t\t<\/div>\n\t\t<\/section>\n\t\t\t\t<\/div>\n\t\t","protected":false},"excerpt":{"rendered":"<p>Spontan-Orchester und -Chor mit der Kantate \u00bbGott wohnt in einem Lichte\u00ab Das Leben ist bunt \u2013 Ihr Ensemble auch Gemeinsam mit anderen Musikern in einem Orchester zu spielen, macht riesige Freude. Hier gilt: Das Ganze ist mehr als die Summe seiner Teile. Das Spontan-Orchester l\u00e4dt zum Zusammenspiel ein und liefert Noten f\u00fcr genau die Instrumente, [&hellip;]<\/p>\n","protected":false},"author":1,"featured_media":0,"parent":0,"menu_order":0,"comment_status":"closed","ping_status":"closed","template":"","meta":{"ocean_post_layout":"full-width","ocean_both_sidebars_style":"","ocean_both_sidebars_content_width":0,"ocean_both_sidebars_sidebars_width":0,"ocean_sidebar":"0","ocean_second_sidebar":"0","ocean_disable_margins":"enable","ocean_add_body_class":"","ocean_shortcode_before_top_bar":"","ocean_shortcode_after_top_bar":"","ocean_shortcode_before_header":"","ocean_shortcode_after_header":"","ocean_has_shortcode":"","ocean_shortcode_after_title":"","ocean_shortcode_before_footer_widgets":"","ocean_shortcode_after_footer_widgets":"","ocean_shortcode_before_footer_bottom":"","ocean_shortcode_after_footer_bottom":"","ocean_display_top_bar":"default","ocean_display_header":"default","ocean_header_style":"","ocean_center_header_left_menu":"0","ocean_custom_header_template":"0","ocean_custom_logo":0,"ocean_custom_retina_logo":0,"ocean_custom_logo_max_width":0,"ocean_custom_logo_tablet_max_width":0,"ocean_custom_logo_mobile_max_width":0,"ocean_custom_logo_max_height":0,"ocean_custom_logo_tablet_max_height":0,"ocean_custom_logo_mobile_max_height":0,"ocean_header_custom_menu":"0","ocean_menu_typo_font_family":"0","ocean_menu_typo_font_subset":"","ocean_menu_typo_font_size":0,"ocean_menu_typo_font_size_tablet":0,"ocean_menu_typo_font_size_mobile":0,"ocean_menu_typo_font_size_unit":"px","ocean_menu_typo_font_weight":"","ocean_menu_typo_font_weight_tablet":"","ocean_menu_typo_font_weight_mobile":"","ocean_menu_typo_transform":"","ocean_menu_typo_transform_tablet":"","ocean_menu_typo_transform_mobile":"","ocean_menu_typo_line_height":0,"ocean_menu_typo_line_height_tablet":0,"ocean_menu_typo_line_height_mobile":0,"ocean_menu_typo_line_height_unit":"","ocean_menu_typo_spacing":0,"ocean_menu_typo_spacing_tablet":0,"ocean_menu_typo_spacing_mobile":0,"ocean_menu_typo_spacing_unit":"","ocean_menu_link_color":"","ocean_menu_link_color_hover":"","ocean_menu_link_color_active":"","ocean_menu_link_background":"","ocean_menu_link_hover_background":"","ocean_menu_link_active_background":"","ocean_menu_social_links_bg":"","ocean_menu_social_hover_links_bg":"","ocean_menu_social_links_color":"","ocean_menu_social_hover_links_color":"","ocean_disable_title":"default","ocean_disable_heading":"default","ocean_post_title":"","ocean_post_subheading":"","ocean_post_title_style":"","ocean_post_title_background_color":"","ocean_post_title_background":0,"ocean_post_title_bg_image_position":"","ocean_post_title_bg_image_attachment":"","ocean_post_title_bg_image_repeat":"","ocean_post_title_bg_image_size":"","ocean_post_title_height":0,"ocean_post_title_bg_overlay":0.5,"ocean_post_title_bg_overlay_color":"","ocean_disable_breadcrumbs":"default","ocean_breadcrumbs_color":"","ocean_breadcrumbs_separator_color":"","ocean_breadcrumbs_links_color":"","ocean_breadcrumbs_links_hover_color":"","ocean_display_footer_widgets":"default","ocean_display_footer_bottom":"default","ocean_custom_footer_template":"0","footnotes":""},"class_list":["post-449","page","type-page","status-publish","hentry","entry"],"_links":{"self":[{"href":"http:\/\/musikschule-suderburg.de\/index.php?rest_route=\/wp\/v2\/pages\/449","targetHints":{"allow":["GET"]}}],"collection":[{"href":"http:\/\/musikschule-suderburg.de\/index.php?rest_route=\/wp\/v2\/pages"}],"about":[{"href":"http:\/\/musikschule-suderburg.de\/index.php?rest_route=\/wp\/v2\/types\/page"}],"author":[{"embeddable":true,"href":"http:\/\/musikschule-suderburg.de\/index.php?rest_route=\/wp\/v2\/users\/1"}],"replies":[{"embeddable":true,"href":"http:\/\/musikschule-suderburg.de\/index.php?rest_route=%2Fwp%2Fv2%2Fcomments&post=449"}],"version-history":[{"count":7,"href":"http:\/\/musikschule-suderburg.de\/index.php?rest_route=\/wp\/v2\/pages\/449\/revisions"}],"predecessor-version":[{"id":458,"href":"http:\/\/musikschule-suderburg.de\/index.php?rest_route=\/wp\/v2\/pages\/449\/revisions\/458"}],"wp:attachment":[{"href":"http:\/\/musikschule-suderburg.de\/index.php?rest_route=%2Fwp%2Fv2%2Fmedia&parent=449"}],"curies":[{"name":"wp","href":"https:\/\/api.w.org\/{rel}","templated":true}]}}